{"id":11,"date":"2025-12-09T16:52:34","date_gmt":"2025-12-09T16:52:34","guid":{"rendered":"https:\/\/laportedespostes.com\/?page_id=11"},"modified":"2025-12-10T15:58:29","modified_gmt":"2025-12-10T15:58:29","slug":"accueil","status":"publish","type":"page","link":"https:\/\/laportedespostes.com\/","title":{"rendered":"Accueil"},"content":{"rendered":"\t\t<div data-elementor-type=\"wp-page\" data-elementor-id=\"11\" class=\"elementor elementor-11\" data-elementor-post-type=\"page\">\n\t\t\t\t<div class=\"elementor-element elementor-element-b8e8396 e-flex e-con-boxed e-con e-parent\" data-id=\"b8e8396\" data-element_type=\"container\" data-settings=\"{&quot;background_background&quot;:&quot;classic&quot;,&quot;background_motion_fx_motion_fx_mouse&quot;:&quot;yes&quot;,&quot;background_motion_fx_mouseTrack_effect&quot;:&quot;yes&quot;,&quot;background_motion_fx_mouseTrack_speed&quot;:{&quot;unit&quot;:&quot;px&quot;,&quot;size&quot;:0.6,&quot;sizes&quot;:[]}}\">\n\t\t\t\t\t<div class=\"e-con-inner\">\n\t\t<div class=\"elementor-element elementor-element-06d4440 e-con-full e-flex e-con e-child\" data-id=\"06d4440\" data-element_type=\"container\">\n\t\t\t\t<div class=\"elementor-element elementor-element-6cd45b5 elementor-widget elementor-widget-heading\" data-id=\"6cd45b5\" data-element_type=\"widget\" data-widget_type=\"heading.default\">\n\t\t\t\t\t<h2 class=\"elementor-heading-title elementor-size-default\">Bienvenue \u00e0 <br>La Porte des Postes<\/h2>\t\t\t\t<\/div>\n\t\t\t\t<div class=\"elementor-element elementor-element-3894eaa elementor-widget-divider--view-line elementor-widget elementor-widget-divider\" data-id=\"3894eaa\" data-element_type=\"widget\" data-widget_type=\"divider.default\">\n\t\t\t\t\t\t\t<div class=\"elementor-divider\">\n\t\t\t<span class=\"elementor-divider-separator\">\n\t\t\t\t\t\t<\/span>\n\t\t<\/div>\n\t\t\t\t\t\t<\/div>\n\t\t\t\t<div class=\"elementor-element elementor-element-72120be elementor-widget elementor-widget-heading\" data-id=\"72120be\" data-element_type=\"widget\" data-widget_type=\"heading.default\">\n\t\t\t\t\t<h2 class=\"elementor-heading-title elementor-size-default\">TABAC VAPE DRUGSTORE<\/h2>\t\t\t\t<\/div>\n\t\t\t\t<\/div>\n\t\t<div class=\"elementor-element elementor-element-af75ae2 e-con-full e-flex e-con e-child\" data-id=\"af75ae2\" data-element_type=\"container\">\n\t\t\t\t<div class=\"elementor-element elementor-element-28d7e38 elementor-widget elementor-widget-html\" data-id=\"28d7e38\" data-element_type=\"widget\" data-widget_type=\"html.default\">\n\t\t\t\t\t<div class=\"lpdp-logo-wrapper\" style=\"display:flex; justify-content:center; align-items:center; width:100%; height:auto;\">\n\n    <svg class=\"lpdp-logo\" viewBox=\"0 0 4313 4313\" style=\"width:420px; max-width:90%; stroke:#ffffff; stroke-width:7px; fill:transparent;\">\n        <path class=\"svg-elem-1\" d=\"M2155.6,660.579c824.296,0 1494.93,670.621 1494.93,1494.94c0,824.3 -670.637,1494.92 -1494.93,1494.92c-824.296,-0 -1494.92,-670.621 -1494.92,-1494.92c0,-824.317 670.625,-1494.94 1494.92,-1494.94Zm0,2875.82c761.417,-0 1380.89,-619.454 1380.89,-1380.88c-0,-761.438 -619.475,-1380.88 -1380.89,-1380.88c-761.417,-0 -1380.88,619.441 -1380.88,1380.88c-0,761.425 619.462,1380.88 1380.88,1380.88Z\" \/>\n\n        <path class=\"svg-elem-2\" d=\"M2129.93,1171.58c416.833,0 652.638,221.384 652.638,537.842c-0,551.117 -664.271,801.208 -664.271,1350.58l-1.03,83.609l-114.041,-0l-0,-554.505c-72.229,122.359 -124.884,259.109 -124.884,412.48l0,142.025l-114.058,-0l0,-1741.45l238.942,0l-0,-230.579l126.704,0Zm-12.663,1470.42c166.988,-305.621 539.738,-539.592 539.738,-917.446c0,-296.891 -185.354,-448.208 -539.704,-448.208l-0.034,75.079l0.001,50.733l6.537,0c287.854,0 407.721,134.621 407.721,322.796c-0,231.671 -169.738,396.642 -330.246,592.192c-27.596,33.637 -56.012,68.7 -84.012,105.262l-0,219.592Zm-238.925,-94.425c37.15,-58.733 79.604,-117.979 124.883,-175.037l-0,-855.921l-124.883,-0l-0,1030.96Zm238.925,-1030.81l-0,723.275l0.745,-0.817c150.771,-161.079 294.342,-333.05 294.342,-519.679c0,-136.963 -88.537,-199.546 -295.087,-202.779Z\" \/>\n    <\/svg>\n\n<\/div>\n\n<style>\n\/* Trac\u00e9 initial blanc *\/\n.lpdp-logo path {\n    stroke: #ffffff !important;\n}\n\n\/* Animation *\/\n.lpdp-logo .svg-elem-1 {\n    stroke-dashoffset: 18069.37890625px;\n    stroke-dasharray: 18069.37890625px;\n    transition: stroke-dashoffset 2s ease-out, fill 0.7s ease-out 2s;\n}\n.lpdp-logo.active .svg-elem-1 {\n    stroke-dashoffset: 0;\n    fill: #ffffff !important;\n}\n\n.lpdp-logo .svg-elem-2 {\n    stroke-dashoffset: 13905.2177734375px;\n    stroke-dasharray: 13905.2177734375px;\n    transition: stroke-dashoffset 2s ease-out 0.15s, fill 0.7s ease-out 2.1s;\n}\n.lpdp-logo.active .svg-elem-2 {\n    stroke-dashoffset: 0;\n    fill: #ffffff !important;\n}\n<\/style>\n\n<script>\nwindow.addEventListener('load', () => {\n    document.querySelector('.lpdp-logo').classList.add('active');\n});\n<\/script>\n\t\t\t\t<\/div>\n\t\t\t\t<\/div>\n\t\t\t\t\t<\/div>\n\t\t\t\t<\/div>\n\t\t<div class=\"elementor-element elementor-element-3d40799a e-con-full e-flex e-con e-parent\" data-id=\"3d40799a\" data-element_type=\"container\" id=\"next\">\n\t\t\t\t<div class=\"elementor-element elementor-element-5073e3f5 elementor-widget elementor-widget-heading\" data-id=\"5073e3f5\" data-element_type=\"widget\" data-widget_type=\"heading.default\">\n\t\t\t\t\t<h3 class=\"elementor-heading-title elementor-size-default\">L\u2019Exp\u00e9rience La Porte des Postes<\/h3>\t\t\t\t<\/div>\n\t\t<div class=\"elementor-element elementor-element-176180aa e-con-full e-flex e-con e-child\" data-id=\"176180aa\" data-element_type=\"container\">\n\t\t<div class=\"elementor-element elementor-element-c10d8ac e-con-full e-flex e-con e-child\" data-id=\"c10d8ac\" data-element_type=\"container\">\n\t\t\t\t<div class=\"elementor-element elementor-element-75bf6578 elementor-widget__width-auto elementor-widget-mobile__width-inherit elementor-invisible elementor-widget elementor-widget-heading\" data-id=\"75bf6578\" data-element_type=\"widget\" data-settings=\"{&quot;_animation&quot;:&quot;fadeInRight&quot;}\" data-widget_type=\"heading.default\">\n\t\t\t\t\t<p class=\"elementor-heading-title elementor-size-default\">01<\/p>\t\t\t\t<\/div>\n\t\t\t\t<div class=\"elementor-element elementor-element-6bce860a elementor-widget__width-initial elementor-widget-tablet__width-initial elementor-widget-mobile__width-inherit elementor-widget elementor-widget-icon-box\" data-id=\"6bce860a\" data-element_type=\"widget\" data-widget_type=\"icon-box.default\">\n\t\t\t\t\t\t\t<div class=\"elementor-icon-box-wrapper\">\n\n\t\t\t\n\t\t\t\t\t\t<div class=\"elementor-icon-box-content\">\n\n\t\t\t\t\t\t\t\t\t<h4 class=\"elementor-icon-box-title\">\n\t\t\t\t\t\t<span  >\n\t\t\t\t\t\t\tAccueil Moderne\t\t\t\t\t\t<\/span>\n\t\t\t\t\t<\/h4>\n\t\t\t\t\n\t\t\t\t\t\t\t\t\t<p class=\"elementor-icon-box-description\">\n\t\t\t\t\t\tUn espace enti\u00e8rement repens\u00e9 pour offrir confort, propret\u00e9 et une ambiance agr\u00e9able d\u00e8s l\u2019entr\u00e9e.\t\t\t\t\t<\/p>\n\t\t\t\t\n\t\t\t<\/div>\n\t\t\t\n\t\t<\/div>\n\t\t\t\t\t\t<\/div>\n\t\t\t\t<\/div>\n\t\t<div class=\"elementor-element elementor-element-6e8b7092 e-con-full e-flex e-con e-child\" data-id=\"6e8b7092\" data-element_type=\"container\">\n\t\t\t\t<div class=\"elementor-element elementor-element-f0a5124 elementor-widget__width-auto elementor-widget-mobile__width-inherit elementor-invisible elementor-widget elementor-widget-heading\" data-id=\"f0a5124\" data-element_type=\"widget\" data-settings=\"{&quot;_animation&quot;:&quot;fadeInRight&quot;}\" data-widget_type=\"heading.default\">\n\t\t\t\t\t<p class=\"elementor-heading-title elementor-size-default\">02<\/p>\t\t\t\t<\/div>\n\t\t\t\t<div class=\"elementor-element elementor-element-3bba114f elementor-widget__width-initial elementor-widget-tablet__width-initial elementor-widget-mobile__width-inherit elementor-widget elementor-widget-icon-box\" data-id=\"3bba114f\" data-element_type=\"widget\" data-widget_type=\"icon-box.default\">\n\t\t\t\t\t\t\t<div class=\"elementor-icon-box-wrapper\">\n\n\t\t\t\n\t\t\t\t\t\t<div class=\"elementor-icon-box-content\">\n\n\t\t\t\t\t\t\t\t\t<h4 class=\"elementor-icon-box-title\">\n\t\t\t\t\t\t<span  >\n\t\t\t\t\t\t\tLarge Choix de Produits\t\t\t\t\t\t<\/span>\n\t\t\t\t\t<\/h4>\n\t\t\t\t\n\t\t\t\t\t\t\t\t\t<p class=\"elementor-icon-box-description\">\n\t\t\t\t\t\tTabac, vape, services, accessoires\u2026 Une s\u00e9lection compl\u00e8te pens\u00e9e pour r\u00e9pondre \u00e0 toutes les habitudes et \u00e0 toutes les envies.\t\t\t\t\t<\/p>\n\t\t\t\t\n\t\t\t<\/div>\n\t\t\t\n\t\t<\/div>\n\t\t\t\t\t\t<\/div>\n\t\t\t\t<\/div>\n\t\t<div class=\"elementor-element elementor-element-1c76b791 e-con-full e-flex e-con e-child\" data-id=\"1c76b791\" data-element_type=\"container\">\n\t\t\t\t<div class=\"elementor-element elementor-element-4696b898 elementor-widget__width-auto elementor-widget-mobile__width-inherit elementor-invisible elementor-widget elementor-widget-heading\" data-id=\"4696b898\" data-element_type=\"widget\" data-settings=\"{&quot;_animation&quot;:&quot;fadeInRight&quot;}\" data-widget_type=\"heading.default\">\n\t\t\t\t\t<p class=\"elementor-heading-title elementor-size-default\">03<\/p>\t\t\t\t<\/div>\n\t\t\t\t<div class=\"elementor-element elementor-element-55b97f5 elementor-widget__width-initial elementor-widget-tablet__width-initial elementor-widget-mobile__width-inherit elementor-widget elementor-widget-icon-box\" data-id=\"55b97f5\" data-element_type=\"widget\" data-widget_type=\"icon-box.default\">\n\t\t\t\t\t\t\t<div class=\"elementor-icon-box-wrapper\">\n\n\t\t\t\n\t\t\t\t\t\t<div class=\"elementor-icon-box-content\">\n\n\t\t\t\t\t\t\t\t\t<h4 class=\"elementor-icon-box-title\">\n\t\t\t\t\t\t<span  >\n\t\t\t\t\t\t\tOuvert 7j\/7 Jusqu\u2019\u00e0 23h45\t\t\t\t\t\t<\/span>\n\t\t\t\t\t<\/h4>\n\t\t\t\t\n\t\t\t\t\t\t\t\t\t<p class=\"elementor-icon-box-description\">\n\t\t\t\t\t\tLe seul tabac de la m\u00e9tropole lilloise ouvert toute l\u2019ann\u00e9e, m\u00eame les dimanches et jours f\u00e9ri\u00e9s.\t\t\t\t\t<\/p>\n\t\t\t\t\n\t\t\t<\/div>\n\t\t\t\n\t\t<\/div>\n\t\t\t\t\t\t<\/div>\n\t\t\t\t<\/div>\n\t\t\t\t<\/div>\n\t\t\t\t<\/div>\n\t\t<div class=\"elementor-element elementor-element-ed9925c e-con-full e-flex e-con e-parent\" data-id=\"ed9925c\" data-element_type=\"container\" id=\"particles-section\" data-settings=\"{&quot;background_background&quot;:&quot;slideshow&quot;,&quot;background_slideshow_gallery&quot;:[{&quot;id&quot;:82,&quot;url&quot;:&quot;https:\\\/\\\/laportedespostes.com\\\/wp-content\\\/uploads\\\/2025\\\/12\\\/E63A9A9F-6EBB-4648-886B-7DD003917754-scaled.jpg&quot;},{&quot;id&quot;:83,&quot;url&quot;:&quot;https:\\\/\\\/laportedespostes.com\\\/wp-content\\\/uploads\\\/2025\\\/12\\\/D1030B23-9770-45C8-8BDA-C4522469E135-1-scaled.jpg&quot;},{&quot;id&quot;:84,&quot;url&quot;:&quot;https:\\\/\\\/laportedespostes.com\\\/wp-content\\\/uploads\\\/2025\\\/12\\\/IMG_9774-scaled.jpeg&quot;},{&quot;id&quot;:85,&quot;url&quot;:&quot;https:\\\/\\\/laportedespostes.com\\\/wp-content\\\/uploads\\\/2025\\\/12\\\/IMG_0752-scaled.jpeg&quot;},{&quot;id&quot;:86,&quot;url&quot;:&quot;https:\\\/\\\/laportedespostes.com\\\/wp-content\\\/uploads\\\/2025\\\/12\\\/394EA13C-9472-442C-B331-0B9B08D65375-scaled.jpg&quot;},{&quot;id&quot;:87,&quot;url&quot;:&quot;https:\\\/\\\/laportedespostes.com\\\/wp-content\\\/uploads\\\/2025\\\/12\\\/IMG_9415-scaled.jpg&quot;},{&quot;id&quot;:88,&quot;url&quot;:&quot;https:\\\/\\\/laportedespostes.com\\\/wp-content\\\/uploads\\\/2025\\\/12\\\/5D867B99-B4BF-417E-BC89-F3C3D7A6733A-scaled.jpg&quot;}],&quot;background_slideshow_slide_duration&quot;:6000,&quot;background_slideshow_ken_burns&quot;:&quot;yes&quot;,&quot;background_slideshow_ken_burns_zoom_direction&quot;:&quot;out&quot;,&quot;background_slideshow_loop&quot;:&quot;yes&quot;,&quot;background_slideshow_slide_transition&quot;:&quot;fade&quot;,&quot;background_slideshow_transition_duration&quot;:500}\">\n\t\t\t\t<div class=\"elementor-element elementor-element-341bb200 elementor-widget elementor-widget-heading\" data-id=\"341bb200\" data-element_type=\"widget\" data-widget_type=\"heading.default\">\n\t\t\t\t\t<h2 class=\"elementor-heading-title elementor-size-default\">Notre boutique en ligne<\/h2>\t\t\t\t<\/div>\n\t\t\t\t<div class=\"elementor-element elementor-element-100dfb49 elementor-widget__width-initial elementor-widget-mobile__width-inherit elementor-widget elementor-widget-text-editor\" data-id=\"100dfb49\" data-element_type=\"widget\" data-widget_type=\"text-editor.default\">\n\t\t\t\t\t\t\t\t\t<p>Notre catalogue est disponible sur le web pour votre tranquillit\u00e9 d&rsquo;esprit. <br \/><br \/>Commandez sur notre site web et recevez vos produits chez vous !\u00a0<\/p>\t\t\t\t\t\t\t\t<\/div>\n\t\t\t\t<div class=\"elementor-element elementor-element-de55eaf elementor-mobile-align-center elementor-widget elementor-widget-button\" data-id=\"de55eaf\" data-element_type=\"widget\" data-widget_type=\"button.default\">\n\t\t\t\t\t\t\t\t\t\t<a class=\"elementor-button elementor-button-link elementor-size-sm\" href=\"#\">\n\t\t\t\t\t\t<span class=\"elementor-button-content-wrapper\">\n\t\t\t\t\t\t\t\t\t<span class=\"elementor-button-text\">Aller sur la boutique<\/span>\n\t\t\t\t\t<\/span>\n\t\t\t\t\t<\/a>\n\t\t\t\t\t\t\t\t<\/div>\n\t\t\t\t<\/div>\n\t\t<div class=\"elementor-element elementor-element-1b446e9 e-flex e-con-boxed e-con e-parent\" data-id=\"1b446e9\" data-element_type=\"container\">\n\t\t\t\t\t<div class=\"e-con-inner\">\n\t\t\t\t<div class=\"elementor-element elementor-element-af4a89c elementor-widget elementor-widget-heading\" data-id=\"af4a89c\" data-element_type=\"widget\" data-widget_type=\"heading.default\">\n\t\t\t\t\t<h3 class=\"elementor-heading-title elementor-size-default\">Vous souhaitez nous trouver ?<\/h3>\t\t\t\t<\/div>\n\t\t\t\t\t<\/div>\n\t\t\t\t<\/div>\n\t\t<div class=\"elementor-element elementor-element-a851a1d e-flex e-con-boxed e-con e-parent\" data-id=\"a851a1d\" data-element_type=\"container\">\n\t\t\t\t\t<div class=\"e-con-inner\">\n\t\t<div class=\"elementor-element elementor-element-7389e28 e-con-full e-flex e-con e-child\" data-id=\"7389e28\" data-element_type=\"container\">\n\t\t\t\t<div class=\"elementor-element elementor-element-ee384ab elementor-icon-list--layout-traditional elementor-list-item-link-full_width elementor-widget elementor-widget-icon-list\" data-id=\"ee384ab\" data-element_type=\"widget\" data-widget_type=\"icon-list.default\">\n\t\t\t\t\t\t\t<ul class=\"elementor-icon-list-items\">\n\t\t\t\t\t\t\t<li class=\"elementor-icon-list-item\">\n\t\t\t\t\t\t\t\t\t\t\t<span class=\"elementor-icon-list-icon\">\n\t\t\t\t\t\t\t<svg aria-hidden=\"true\" class=\"e-font-icon-svg e-fas-map-marker-alt\" viewBox=\"0 0 384 512\" xmlns=\"http:\/\/www.w3.org\/2000\/svg\"><path d=\"M172.268 501.67C26.97 291.031 0 269.413 0 192 0 85.961 85.961 0 192 0s192 85.961 192 192c0 77.413-26.97 99.031-172.268 309.67-9.535 13.774-29.93 13.773-39.464 0zM192 272c44.183 0 80-35.817 80-80s-35.817-80-80-80-80 35.817-80 80 35.817 80 80 80z\"><\/path><\/svg>\t\t\t\t\t\t<\/span>\n\t\t\t\t\t\t\t\t\t\t<span class=\"elementor-icon-list-text\">Adresse : 271 Rue des Postes - 59000 Lille<\/span>\n\t\t\t\t\t\t\t\t\t<\/li>\n\t\t\t\t\t\t\t\t<li class=\"elementor-icon-list-item\">\n\t\t\t\t\t\t\t\t\t\t\t<span class=\"elementor-icon-list-icon\">\n\t\t\t\t\t\t\t<svg aria-hidden=\"true\" class=\"e-font-icon-svg e-fas-phone\" viewBox=\"0 0 512 512\" xmlns=\"http:\/\/www.w3.org\/2000\/svg\"><path d=\"M493.4 24.6l-104-24c-11.3-2.6-22.9 3.3-27.5 13.9l-48 112c-4.2 9.8-1.4 21.3 6.9 28l60.6 49.6c-36 76.7-98.9 140.5-177.2 177.2l-49.6-60.6c-6.8-8.3-18.2-11.1-28-6.9l-112 48C3.9 366.5-2 378.1.6 389.4l24 104C27.1 504.2 36.7 512 48 512c256.1 0 464-207.5 464-464 0-11.2-7.7-20.9-18.6-23.4z\"><\/path><\/svg>\t\t\t\t\t\t<\/span>\n\t\t\t\t\t\t\t\t\t\t<span class=\"elementor-icon-list-text\">Tel : 07 88 83 34 40<\/span>\n\t\t\t\t\t\t\t\t\t<\/li>\n\t\t\t\t\t\t\t\t<li class=\"elementor-icon-list-item\">\n\t\t\t\t\t\t\t\t\t\t\t<span class=\"elementor-icon-list-icon\">\n\t\t\t\t\t\t\t<svg aria-hidden=\"true\" class=\"e-font-icon-svg e-far-clock\" viewBox=\"0 0 512 512\" xmlns=\"http:\/\/www.w3.org\/2000\/svg\"><path d=\"M256 8C119 8 8 119 8 256s111 248 248 248 248-111 248-248S393 8 256 8zm0 448c-110.5 0-200-89.5-200-200S145.5 56 256 56s200 89.5 200 200-89.5 200-200 200zm61.8-104.4l-84.9-61.7c-3.1-2.3-4.9-5.9-4.9-9.7V116c0-6.6 5.4-12 12-12h32c6.6 0 12 5.4 12 12v141.7l66.8 48.6c5.4 3.9 6.5 11.4 2.6 16.8L334.6 349c-3.9 5.3-11.4 6.5-16.8 2.6z\"><\/path><\/svg>\t\t\t\t\t\t<\/span>\n\t\t\t\t\t\t\t\t\t\t<span class=\"elementor-icon-list-text\">Horaires d'ouverture : Chaque jour de 06h00 \u00e0 23h45 et le Dimanche de 08h00 \u00e0 23h45<\/span>\n\t\t\t\t\t\t\t\t\t<\/li>\n\t\t\t\t\t\t<\/ul>\n\t\t\t\t\t\t<\/div>\n\t\t\t\t<\/div>\n\t\t<div class=\"elementor-element elementor-element-42ca493 e-con-full e-flex e-con e-child\" data-id=\"42ca493\" data-element_type=\"container\">\n\t\t\t\t<div class=\"elementor-element elementor-element-989957a elementor-widget elementor-widget-google_maps\" data-id=\"989957a\" data-element_type=\"widget\" data-widget_type=\"google_maps.default\">\n\t\t\t\t\t\t\t<div class=\"elementor-custom-embed\">\n\t\t\t<iframe loading=\"lazy\"\n\t\t\t\t\tsrc=\"https:\/\/maps.google.com\/maps?q=La%20porte%20des%20postes%20tabac%20vape%20drug&#038;t=m&#038;z=14&#038;output=embed&#038;iwloc=near\"\n\t\t\t\t\ttitle=\"La porte des postes tabac vape drug\"\n\t\t\t\t\taria-label=\"La porte des postes tabac vape drug\"\n\t\t\t><\/iframe>\n\t\t<\/div>\n\t\t\t\t\t\t<\/div>\n\t\t\t\t<\/div>\n\t\t\t\t\t<\/div>\n\t\t\t\t<\/div>\n\t\t\t\t<\/div>\n\t\t","protected":false},"excerpt":{"rendered":"<p>Bienvenue \u00e0 La Porte des Postes TABAC VAPE DRUGSTORE L\u2019Exp\u00e9rience La Porte des Postes 01 Accueil Moderne Un espace enti\u00e8rement repens\u00e9 pour offrir confort, propret\u00e9 et une ambiance agr\u00e9able d\u00e8s l\u2019entr\u00e9e. 02 Large Choix de Produits Tabac, vape, services, accessoires\u2026 Une s\u00e9lection compl\u00e8te pens\u00e9e pour r\u00e9pondre \u00e0 toutes les habitudes et \u00e0 toutes les envies. [&hellip;]<\/p>\n","protected":false},"author":1,"featured_media":0,"parent":0,"menu_order":0,"comment_status":"closed","ping_status":"closed","template":"","meta":{"footnotes":""},"class_list":["post-11","page","type-page","status-publish","hentry"],"yoast_head":"<!-- This site is optimized with the Yoast SEO plugin v26.5 - https:\/\/yoast.com\/wordpress\/plugins\/seo\/ -->\n<title>Accueil - La Porte des Postes - Tabac Vape Drugstore \u00e0 Lille<\/title>\n<meta name=\"robots\" content=\"index, follow, max-snippet:-1, max-image-preview:large, max-video-preview:-1\" \/>\n<link rel=\"canonical\" href=\"https:\/\/laportedespostes.com\/\" \/>\n<meta property=\"og:locale\" content=\"fr_FR\" \/>\n<meta property=\"og:type\" content=\"article\" \/>\n<meta property=\"og:title\" content=\"Accueil - La Porte des Postes - Tabac Vape Drugstore \u00e0 Lille\" \/>\n<meta property=\"og:description\" content=\"Bienvenue \u00e0 La Porte des Postes TABAC VAPE DRUGSTORE L\u2019Exp\u00e9rience La Porte des Postes 01 Accueil Moderne Un espace enti\u00e8rement repens\u00e9 pour offrir confort, propret\u00e9 et une ambiance agr\u00e9able d\u00e8s l\u2019entr\u00e9e. 02 Large Choix de Produits Tabac, vape, services, accessoires\u2026 Une s\u00e9lection compl\u00e8te pens\u00e9e pour r\u00e9pondre \u00e0 toutes les habitudes et \u00e0 toutes les envies. [&hellip;]\" \/>\n<meta property=\"og:url\" content=\"https:\/\/laportedespostes.com\/\" \/>\n<meta property=\"og:site_name\" content=\"La Porte des Postes - Tabac Vape Drugstore \u00e0 Lille\" \/>\n<meta property=\"article:modified_time\" content=\"2025-12-10T15:58:29+00:00\" \/>\n<meta name=\"twitter:card\" content=\"summary_large_image\" \/>\n<meta name=\"twitter:label1\" content=\"Dur\u00e9e de lecture estim\u00e9e\" \/>\n\t<meta name=\"twitter:data1\" content=\"1 minute\" \/>\n<script type=\"application\/ld+json\" class=\"yoast-schema-graph\">{\"@context\":\"https:\/\/schema.org\",\"@graph\":[{\"@type\":\"WebPage\",\"@id\":\"https:\/\/laportedespostes.com\/\",\"url\":\"https:\/\/laportedespostes.com\/\",\"name\":\"Accueil - La Porte des Postes - Tabac Vape Drugstore \u00e0 Lille\",\"isPartOf\":{\"@id\":\"https:\/\/laportedespostes.com\/#website\"},\"datePublished\":\"2025-12-09T16:52:34+00:00\",\"dateModified\":\"2025-12-10T15:58:29+00:00\",\"breadcrumb\":{\"@id\":\"https:\/\/laportedespostes.com\/#breadcrumb\"},\"inLanguage\":\"fr-FR\",\"potentialAction\":[{\"@type\":\"ReadAction\",\"target\":[\"https:\/\/laportedespostes.com\/\"]}]},{\"@type\":\"BreadcrumbList\",\"@id\":\"https:\/\/laportedespostes.com\/#breadcrumb\",\"itemListElement\":[{\"@type\":\"ListItem\",\"position\":1,\"name\":\"Accueil\",\"item\":\"https:\/\/laportedespostes.com\/\"},{\"@type\":\"ListItem\",\"position\":2,\"name\":\"Accueil\"}]},{\"@type\":\"WebSite\",\"@id\":\"https:\/\/laportedespostes.com\/#website\",\"url\":\"https:\/\/laportedespostes.com\/\",\"name\":\"La Porte des Postes - Tabac Vape Drugstore \u00e0 Lille\",\"description\":\"Le seul tabac de la m\u00e9tropole lilloise ouvert toute l\u2019ann\u00e9e, m\u00eame les dimanches et jours f\u00e9ri\u00e9s.\",\"publisher\":{\"@id\":\"https:\/\/laportedespostes.com\/#organization\"},\"potentialAction\":[{\"@type\":\"SearchAction\",\"target\":{\"@type\":\"EntryPoint\",\"urlTemplate\":\"https:\/\/laportedespostes.com\/?s={search_term_string}\"},\"query-input\":{\"@type\":\"PropertyValueSpecification\",\"valueRequired\":true,\"valueName\":\"search_term_string\"}}],\"inLanguage\":\"fr-FR\"},{\"@type\":\"Organization\",\"@id\":\"https:\/\/laportedespostes.com\/#organization\",\"name\":\"La Porte des Postes - Tabac Vape Drugstore \u00e0 Lille\",\"url\":\"https:\/\/laportedespostes.com\/\",\"logo\":{\"@type\":\"ImageObject\",\"inLanguage\":\"fr-FR\",\"@id\":\"https:\/\/laportedespostes.com\/#\/schema\/logo\/image\/\",\"url\":\"https:\/\/laportedespostes.com\/wp-content\/uploads\/2025\/12\/LPDP_icone_CMJN_exe_blanc.jpg\",\"contentUrl\":\"https:\/\/laportedespostes.com\/wp-content\/uploads\/2025\/12\/LPDP_icone_CMJN_exe_blanc.jpg\",\"width\":777,\"height\":777,\"caption\":\"La Porte des Postes - Tabac Vape Drugstore \u00e0 Lille\"},\"image\":{\"@id\":\"https:\/\/laportedespostes.com\/#\/schema\/logo\/image\/\"}}]}<\/script>\n<!-- \/ Yoast SEO plugin. -->","yoast_head_json":{"title":"Accueil - La Porte des Postes - Tabac Vape Drugstore \u00e0 Lille","robots":{"index":"index","follow":"follow","max-snippet":"max-snippet:-1","max-image-preview":"max-image-preview:large","max-video-preview":"max-video-preview:-1"},"canonical":"https:\/\/laportedespostes.com\/","og_locale":"fr_FR","og_type":"article","og_title":"Accueil - La Porte des Postes - Tabac Vape Drugstore \u00e0 Lille","og_description":"Bienvenue \u00e0 La Porte des Postes TABAC VAPE DRUGSTORE L\u2019Exp\u00e9rience La Porte des Postes 01 Accueil Moderne Un espace enti\u00e8rement repens\u00e9 pour offrir confort, propret\u00e9 et une ambiance agr\u00e9able d\u00e8s l\u2019entr\u00e9e. 02 Large Choix de Produits Tabac, vape, services, accessoires\u2026 Une s\u00e9lection compl\u00e8te pens\u00e9e pour r\u00e9pondre \u00e0 toutes les habitudes et \u00e0 toutes les envies. [&hellip;]","og_url":"https:\/\/laportedespostes.com\/","og_site_name":"La Porte des Postes - Tabac Vape Drugstore \u00e0 Lille","article_modified_time":"2025-12-10T15:58:29+00:00","twitter_card":"summary_large_image","twitter_misc":{"Dur\u00e9e de lecture estim\u00e9e":"1 minute"},"schema":{"@context":"https:\/\/schema.org","@graph":[{"@type":"WebPage","@id":"https:\/\/laportedespostes.com\/","url":"https:\/\/laportedespostes.com\/","name":"Accueil - La Porte des Postes - Tabac Vape Drugstore \u00e0 Lille","isPartOf":{"@id":"https:\/\/laportedespostes.com\/#website"},"datePublished":"2025-12-09T16:52:34+00:00","dateModified":"2025-12-10T15:58:29+00:00","breadcrumb":{"@id":"https:\/\/laportedespostes.com\/#breadcrumb"},"inLanguage":"fr-FR","potentialAction":[{"@type":"ReadAction","target":["https:\/\/laportedespostes.com\/"]}]},{"@type":"BreadcrumbList","@id":"https:\/\/laportedespostes.com\/#breadcrumb","itemListElement":[{"@type":"ListItem","position":1,"name":"Accueil","item":"https:\/\/laportedespostes.com\/"},{"@type":"ListItem","position":2,"name":"Accueil"}]},{"@type":"WebSite","@id":"https:\/\/laportedespostes.com\/#website","url":"https:\/\/laportedespostes.com\/","name":"La Porte des Postes - Tabac Vape Drugstore \u00e0 Lille","description":"Le seul tabac de la m\u00e9tropole lilloise ouvert toute l\u2019ann\u00e9e, m\u00eame les dimanches et jours f\u00e9ri\u00e9s.","publisher":{"@id":"https:\/\/laportedespostes.com\/#organization"},"potentialAction":[{"@type":"SearchAction","target":{"@type":"EntryPoint","urlTemplate":"https:\/\/laportedespostes.com\/?s={search_term_string}"},"query-input":{"@type":"PropertyValueSpecification","valueRequired":true,"valueName":"search_term_string"}}],"inLanguage":"fr-FR"},{"@type":"Organization","@id":"https:\/\/laportedespostes.com\/#organization","name":"La Porte des Postes - Tabac Vape Drugstore \u00e0 Lille","url":"https:\/\/laportedespostes.com\/","logo":{"@type":"ImageObject","inLanguage":"fr-FR","@id":"https:\/\/laportedespostes.com\/#\/schema\/logo\/image\/","url":"https:\/\/laportedespostes.com\/wp-content\/uploads\/2025\/12\/LPDP_icone_CMJN_exe_blanc.jpg","contentUrl":"https:\/\/laportedespostes.com\/wp-content\/uploads\/2025\/12\/LPDP_icone_CMJN_exe_blanc.jpg","width":777,"height":777,"caption":"La Porte des Postes - Tabac Vape Drugstore \u00e0 Lille"},"image":{"@id":"https:\/\/laportedespostes.com\/#\/schema\/logo\/image\/"}}]}},"_links":{"self":[{"href":"https:\/\/laportedespostes.com\/index.php?rest_route=\/wp\/v2\/pages\/11","targetHints":{"allow":["GET"]}}],"collection":[{"href":"https:\/\/laportedespostes.com\/index.php?rest_route=\/wp\/v2\/pages"}],"about":[{"href":"https:\/\/laportedespostes.com\/index.php?rest_route=\/wp\/v2\/types\/page"}],"author":[{"embeddable":true,"href":"https:\/\/laportedespostes.com\/index.php?rest_route=\/wp\/v2\/users\/1"}],"replies":[{"embeddable":true,"href":"https:\/\/laportedespostes.com\/index.php?rest_route=%2Fwp%2Fv2%2Fcomments&post=11"}],"version-history":[{"count":37,"href":"https:\/\/laportedespostes.com\/index.php?rest_route=\/wp\/v2\/pages\/11\/revisions"}],"predecessor-version":[{"id":99,"href":"https:\/\/laportedespostes.com\/index.php?rest_route=\/wp\/v2\/pages\/11\/revisions\/99"}],"wp:attachment":[{"href":"https:\/\/laportedespostes.com\/index.php?rest_route=%2Fwp%2Fv2%2Fmedia&parent=11"}],"curies":[{"name":"wp","href":"https:\/\/api.w.org\/{rel}","templated":true}]}}